{"id":1327,"date":"2018-11-06T14:46:57","date_gmt":"2018-11-06T14:46:57","guid":{"rendered":"https:\/\/tiser-riskconsult.com\/?page_id=1327"},"modified":"2025-04-14T12:31:57","modified_gmt":"2025-04-14T12:31:57","slug":"kezesi-biztositas","status":"publish","type":"page","link":"https:\/\/tiser-riskconsult.com\/en\/termekek\/specialis\/kezesi-biztositas\/","title":{"rendered":"Bond insurance"},"content":{"rendered":"<div id='full_slider_1'  class='avia-fullwidth-slider main_color avia-shadow   avia-builder-el-0  el_before_av_one_full  avia-builder-el-first  main-hero bond  container_wrap sidebar_right'  >\n<style type=\"text\/css\" data-created_by=\"avia_inline_auto\" id=\"style-css-av-av_slideshow_full-3b93b13dab7045c34a47fce3fe14bdc1\">\n#top #wrap_all .avia-slideshow .av-slideshow-caption.av-av_slideshow_full-3b93b13dab7045c34a47fce3fe14bdc1__0 .avia-caption-title{\nfont-size:48px;\n}\n#top .avia-slideshow .av-slideshow-caption.av-av_slideshow_full-3b93b13dab7045c34a47fce3fe14bdc1__0 .avia-caption-content{\nfont-size:32px;\n}\n#top .avia-slideshow .av-slideshow-caption.av-av_slideshow_full-3b93b13dab7045c34a47fce3fe14bdc1__0 .avia-caption-content p{\nfont-size:32px;\n}\n<\/style>\n<div  class='avia-slideshow av-av_slideshow_full-3b93b13dab7045c34a47fce3fe14bdc1 avia-slideshow-no scaling av_slideshow_full avia-slide-slider main-hero bond av-slideshow-ui av-control-default av-slideshow-manual av-loop-once av-loop-manual-endless av-default-height-applied   avia-slideshow-1' data-slideshow-options=\"{&quot;animation&quot;:&quot;slide&quot;,&quot;autoplay&quot;:false,&quot;loop_autoplay&quot;:&quot;once&quot;,&quot;interval&quot;:5,&quot;loop_manual&quot;:&quot;manual-endless&quot;,&quot;autoplay_stopper&quot;:false,&quot;noNavigation&quot;:false,&quot;bg_slider&quot;:false,&quot;keep_padding&quot;:false,&quot;hoverpause&quot;:false,&quot;show_slide_delay&quot;:0}\"  itemprop=\"image\" itemscope=\"itemscope\" itemtype=\"https:\/\/schema.org\/ImageObject\" ><ul class='avia-slideshow-inner ' style='padding-bottom: 66.666666666667%;'><li  class='avia-slideshow-slide av-av_slideshow_full-3b93b13dab7045c34a47fce3fe14bdc1__0  av-single-slide slide-1 slide-odd'><div data-rel='slideshow-1' class='avia-slide-wrap '   ><div class='av-slideshow-caption av-av_slideshow_full-3b93b13dab7045c34a47fce3fe14bdc1__0 caption_fullwidth caption_right caption_right_framed caption_framed'><div class=\"container caption_container\"><div class=\"slideshow_caption\"><div class=\"slideshow_inner_caption\"><div class=\"slideshow_align_caption\"><h2 class='avia-caption-title '  itemprop=\"name\" >Tiser - Insurance Broker<\/h2><div class='avia-caption-content '  itemprop=\"description\" ><p>Valuable care<\/p>\n<\/div><\/div><\/div><\/div><\/div><\/div><img class=\"wp-image-1443 avia-img-lazy-loading-not-1443\"  src='https:\/\/tiser-riskconsult.com\/wp-content\/uploads\/2018\/11\/bank2.jpg' width='2808' height='1872' title='bank2' alt=''  itemprop=\"thumbnailUrl\"   \/><\/div><\/li><\/ul><\/div><\/div><div id='after_full_slider_1'  class='main_color av_default_container_wrap container_wrap sidebar_right'  ><div class='container av-section-cont-open' ><div class='template-page content  av-content-small alpha units'><div class='post-entry post-entry-type-page post-entry-1327'><div class='entry-content-wrapper clearfix'>\n\n<style type=\"text\/css\" data-created_by=\"avia_inline_auto\" id=\"style-css-av-av_one_full-15d750bd1b332b34c6e70b077ebbccdf\">\n.flex_column.av-av_one_full-15d750bd1b332b34c6e70b077ebbccdf{\n-webkit-border-radius:0px 0px 0px 0px;\n-moz-border-radius:0px 0px 0px 0px;\nborder-radius:0px 0px 0px 0px;\npadding:0px 0px 0px 0px;\n}\n<\/style>\n<div class='flex_column av-av_one_full-15d750bd1b332b34c6e70b077ebbccdf av_one_full  avia-builder-el-1  el_after_av_slideshow_full  el_before_av_font_icon  avia-builder-el-first  first flex_column_div av-zero-column-padding '     ><section  class='av_textblock_section av-av_textblock-2bd894dbf2e4bf2c4acf98ce4fbf94aa'  itemscope=\"itemscope\" itemtype=\"https:\/\/schema.org\/CreativeWork\" ><div class='avia_textblock'  itemprop=\"text\" ><h1 style=\"text-align: center;\">Bond insurance<\/h1>\n<\/div><\/section><br \/>\n<div  class='hr av-av_hr-0ff602b3e980a3377077ff3c1c834df6 hr-default  avia-builder-el-3  el_after_av_textblock  el_before_av_textblock '><span class='hr-inner '><span class=\"hr-inner-style\"><\/span><\/span><\/div><br \/>\n<section  class='av_textblock_section av-av_textblock-558ac813d544be5f87b1df7eae05d0f6'  itemscope=\"itemscope\" itemtype=\"https:\/\/schema.org\/CreativeWork\" ><div class='avia_textblock product-text-block'  itemprop=\"text\" ><p>A Biztos\u00edt\u00f3 \u00e1ltal ny\u00fajtott garancia-, vagy kezesi biztos\u00edt\u00e1s a bankgaranci\u00e1val egyen\u00e9rt\u00e9k\u0171, azonos biztons\u00e1got ny\u00fajt. A garancia- vagy kezesi biztos\u00edt\u00e1s el\u0151nye az ig\u00e9nybevev\u0151 r\u00e9sz\u00e9re, hogy &#8211; szemben a bankgaranci\u00e1val &#8211; \u00e1ltala nem cs\u00f6kken az \u00fcgyf\u00e9l banki hitelkerete, \u00edgy hitelkeretet c\u00e9lj\u00e1nak megfelel\u0151en a c\u00e9g m\u0171k\u00f6d\u00e9s\u00e9nek finansz\u00edroz\u00e1s\u00e1ra tudja felhaszn\u00e1lni. A Biztos\u00edt\u00f3 \u00e1ltal ny\u00fajtott garancia- vagy kezesi biztos\u00edt\u00e1s ig\u00e9nybev\u00e9tel\u00e9vel elker\u00fclhet\u0151 a t\u00falzott f\u00fcgg\u00e9s egyetlen p\u00e9nz\u00fcgyi szolg\u00e1ltat\u00f3t\u00f3l (diverzifik\u00e1ci\u00f3) \u00e9s ez\u00e1ltal biztons\u00e1gosabb m\u0171k\u00f6d\u00e9s \u00e9rhet\u0151 el.<\/p>\n<p>Ez a t\u00edpus\u00fa biztos\u00edt\u00e1s azokat a p\u00e9nz\u00fcgyi vesztes\u00e9geket fedezi, amelyeket a kedvezm\u00e9nyezett szenvedne el, ha a biztos\u00edtott nem teljes\u00edten\u00e9 szerz\u0151d\u00e9sben v\u00e1llalt k\u00f6telezetts\u00e9geit. Ez a fajta biztos\u00edt\u00e1s nem hagyom\u00e1nyos biztos\u00edt\u00e1s, hanem egy hitelez\u00e9si jelleg\u0171 jogviszonyt takar, amely saj\u00e1toss\u00e1g legink\u00e1bb a biztos\u00edt\u00f3 automatikus visszak\u00f6vetel\u00e9si jog\u00e1ban testes\u00fcl meg.<\/p>\n<\/div><\/section><\/p><\/div>\n\n<style type=\"text\/css\" data-created_by=\"avia_inline_auto\" id=\"style-css-av-av_font_icon-74eaef3c83824e43c5bf2f32ab0854c7\">\n.av_font_icon.av-av_font_icon-74eaef3c83824e43c5bf2f32ab0854c7 .av-icon-char{\nfont-size:30px;\nline-height:30px;\nwidth:30px;\n}\n<\/style>\n<span  class='av_font_icon av-av_font_icon-74eaef3c83824e43c5bf2f32ab0854c7 avia_animate_when_visible av-icon-style-border avia-icon-pos-left back-icon av-no-color avia-icon-animate'><a href='https:\/\/tiser-riskconsult.com\/en\/termekek\/specialis\/'  class='av-icon-char' aria-hidden='true' data-av_icon='\ue888' data-av_iconfont='entypo-fontello' ><\/a><span class='av_icon_caption av-special-font'>Back to special products<\/span><\/span>\n","protected":false},"excerpt":{"rendered":"","protected":false},"author":3,"featured_media":0,"parent":1297,"menu_order":0,"comment_status":"closed","ping_status":"closed","template":"","meta":{"footnotes":""},"class_list":["post-1327","page","type-page","status-publish","hentry"],"yoast_head":"<!-- This site is optimized with the Yoast SEO plugin v27.1.1 - https:\/\/yoast.com\/product\/yoast-seo-wordpress\/ -->\n<title>Bond insurance - Tiser<\/title>\n<meta name=\"robots\" content=\"index, follow, max-snippet:-1, max-image-preview:large, max-video-preview:-1\" \/>\n<link rel=\"canonical\" href=\"https:\/\/tiser-riskconsult.com\/en\/termekek\/specialis\/kezesi-biztositas\/\" \/>\n<meta property=\"og:locale\" content=\"en_US\" \/>\n<meta property=\"og:type\" content=\"article\" \/>\n<meta property=\"og:title\" content=\"Bond insurance - Tiser\" \/>\n<meta property=\"og:url\" content=\"https:\/\/tiser-riskconsult.com\/en\/termekek\/specialis\/kezesi-biztositas\/\" \/>\n<meta property=\"og:site_name\" content=\"Tiser\" \/>\n<meta property=\"article:modified_time\" content=\"2025-04-14T12:31:57+00:00\" \/>\n<meta name=\"twitter:card\" content=\"summary_large_image\" \/>\n<meta name=\"twitter:label1\" content=\"Est. reading time\" \/>\n\t<meta name=\"twitter:data1\" content=\"3 minutes\" \/>\n<script type=\"application\/ld+json\" class=\"yoast-schema-graph\">{\"@context\":\"https:\/\/schema.org\",\"@graph\":[{\"@type\":\"WebPage\",\"@id\":\"https:\/\/tiser-riskconsult.com\/en\/termekek\/specialis\/kezesi-biztositas\/\",\"url\":\"https:\/\/tiser-riskconsult.com\/en\/termekek\/specialis\/kezesi-biztositas\/\",\"name\":\"Bond insurance - Tiser\",\"isPartOf\":{\"@id\":\"https:\/\/tiser-riskconsult.com\/en\/#website\"},\"datePublished\":\"2018-11-06T14:46:57+00:00\",\"dateModified\":\"2025-04-14T12:31:57+00:00\",\"breadcrumb\":{\"@id\":\"https:\/\/tiser-riskconsult.com\/en\/termekek\/specialis\/kezesi-biztositas\/#breadcrumb\"},\"inLanguage\":\"en-US\",\"potentialAction\":[{\"@type\":\"ReadAction\",\"target\":[\"https:\/\/tiser-riskconsult.com\/en\/termekek\/specialis\/kezesi-biztositas\/\"]}]},{\"@type\":\"BreadcrumbList\",\"@id\":\"https:\/\/tiser-riskconsult.com\/en\/termekek\/specialis\/kezesi-biztositas\/#breadcrumb\",\"itemListElement\":[{\"@type\":\"ListItem\",\"position\":1,\"name\":\"Home\",\"item\":\"https:\/\/tiser-riskconsult.com\/en\/home\/\"},{\"@type\":\"ListItem\",\"position\":2,\"name\":\"Products\",\"item\":\"https:\/\/tiser-riskconsult.com\/en\/termekek\/\"},{\"@type\":\"ListItem\",\"position\":3,\"name\":\"Special\",\"item\":\"https:\/\/tiser-riskconsult.com\/en\/termekek\/specialis\/\"},{\"@type\":\"ListItem\",\"position\":4,\"name\":\"Bond insurance\"}]},{\"@type\":\"WebSite\",\"@id\":\"https:\/\/tiser-riskconsult.com\/en\/#website\",\"url\":\"https:\/\/tiser-riskconsult.com\/en\/\",\"name\":\"Tiser\",\"description\":\"insurance solutions\",\"potentialAction\":[{\"@type\":\"SearchAction\",\"target\":{\"@type\":\"EntryPoint\",\"urlTemplate\":\"https:\/\/tiser-riskconsult.com\/en\/?s={search_term_string}\"},\"query-input\":{\"@type\":\"PropertyValueSpecification\",\"valueRequired\":true,\"valueName\":\"search_term_string\"}}],\"inLanguage\":\"en-US\"}]}<\/script>\n<!-- \/ Yoast SEO plugin. -->","yoast_head_json":{"title":"Bond insurance - Tiser","robots":{"index":"index","follow":"follow","max-snippet":"max-snippet:-1","max-image-preview":"max-image-preview:large","max-video-preview":"max-video-preview:-1"},"canonical":"https:\/\/tiser-riskconsult.com\/en\/termekek\/specialis\/kezesi-biztositas\/","og_locale":"en_US","og_type":"article","og_title":"Bond insurance - Tiser","og_url":"https:\/\/tiser-riskconsult.com\/en\/termekek\/specialis\/kezesi-biztositas\/","og_site_name":"Tiser","article_modified_time":"2025-04-14T12:31:57+00:00","twitter_card":"summary_large_image","twitter_misc":{"Est. reading time":"3 minutes"},"schema":{"@context":"https:\/\/schema.org","@graph":[{"@type":"WebPage","@id":"https:\/\/tiser-riskconsult.com\/en\/termekek\/specialis\/kezesi-biztositas\/","url":"https:\/\/tiser-riskconsult.com\/en\/termekek\/specialis\/kezesi-biztositas\/","name":"Bond insurance - Tiser","isPartOf":{"@id":"https:\/\/tiser-riskconsult.com\/en\/#website"},"datePublished":"2018-11-06T14:46:57+00:00","dateModified":"2025-04-14T12:31:57+00:00","breadcrumb":{"@id":"https:\/\/tiser-riskconsult.com\/en\/termekek\/specialis\/kezesi-biztositas\/#breadcrumb"},"inLanguage":"en-US","potentialAction":[{"@type":"ReadAction","target":["https:\/\/tiser-riskconsult.com\/en\/termekek\/specialis\/kezesi-biztositas\/"]}]},{"@type":"BreadcrumbList","@id":"https:\/\/tiser-riskconsult.com\/en\/termekek\/specialis\/kezesi-biztositas\/#breadcrumb","itemListElement":[{"@type":"ListItem","position":1,"name":"Home","item":"https:\/\/tiser-riskconsult.com\/en\/home\/"},{"@type":"ListItem","position":2,"name":"Products","item":"https:\/\/tiser-riskconsult.com\/en\/termekek\/"},{"@type":"ListItem","position":3,"name":"Special","item":"https:\/\/tiser-riskconsult.com\/en\/termekek\/specialis\/"},{"@type":"ListItem","position":4,"name":"Bond insurance"}]},{"@type":"WebSite","@id":"https:\/\/tiser-riskconsult.com\/en\/#website","url":"https:\/\/tiser-riskconsult.com\/en\/","name":"Tiser","description":"insurance solutions","potentialAction":[{"@type":"SearchAction","target":{"@type":"EntryPoint","urlTemplate":"https:\/\/tiser-riskconsult.com\/en\/?s={search_term_string}"},"query-input":{"@type":"PropertyValueSpecification","valueRequired":true,"valueName":"search_term_string"}}],"inLanguage":"en-US"}]}},"_links":{"self":[{"href":"https:\/\/tiser-riskconsult.com\/en\/wp-json\/wp\/v2\/pages\/1327","targetHints":{"allow":["GET"]}}],"collection":[{"href":"https:\/\/tiser-riskconsult.com\/en\/wp-json\/wp\/v2\/pages"}],"about":[{"href":"https:\/\/tiser-riskconsult.com\/en\/wp-json\/wp\/v2\/types\/page"}],"author":[{"embeddable":true,"href":"https:\/\/tiser-riskconsult.com\/en\/wp-json\/wp\/v2\/users\/3"}],"replies":[{"embeddable":true,"href":"https:\/\/tiser-riskconsult.com\/en\/wp-json\/wp\/v2\/comments?post=1327"}],"version-history":[{"count":7,"href":"https:\/\/tiser-riskconsult.com\/en\/wp-json\/wp\/v2\/pages\/1327\/revisions"}],"predecessor-version":[{"id":1779,"href":"https:\/\/tiser-riskconsult.com\/en\/wp-json\/wp\/v2\/pages\/1327\/revisions\/1779"}],"up":[{"embeddable":true,"href":"https:\/\/tiser-riskconsult.com\/en\/wp-json\/wp\/v2\/pages\/1297"}],"wp:attachment":[{"href":"https:\/\/tiser-riskconsult.com\/en\/wp-json\/wp\/v2\/media?parent=1327"}],"curies":[{"name":"wp","href":"https:\/\/api.w.org\/{rel}","templated":true}]}}