{"id":1336,"date":"2018-11-06T14:54:37","date_gmt":"2018-11-06T14:54:37","guid":{"rendered":"https:\/\/tiser-riskconsult.com\/?page_id=1336"},"modified":"2025-04-14T12:31:57","modified_gmt":"2025-04-14T12:31:57","slug":"mezogazdasagi-biztositasok","status":"publish","type":"page","link":"https:\/\/tiser-riskconsult.com\/en\/termekek\/specialis\/mezogazdasagi-biztositasok\/","title":{"rendered":"Agricultural insurances"},"content":{"rendered":"<div id='full_slider_1'  class='avia-fullwidth-slider main_color avia-shadow   avia-builder-el-0  el_before_av_one_full  avia-builder-el-first  main-hero agriculture  container_wrap sidebar_right'  >\n<style type=\"text\/css\" data-created_by=\"avia_inline_auto\" id=\"style-css-av-av_slideshow_full-c398795418f1f149e907c767d8c4e602\">\n#top #wrap_all .avia-slideshow .av-slideshow-caption.av-av_slideshow_full-c398795418f1f149e907c767d8c4e602__0 .avia-caption-title{\nfont-size:48px;\n}\n#top .avia-slideshow .av-slideshow-caption.av-av_slideshow_full-c398795418f1f149e907c767d8c4e602__0 .avia-caption-content{\nfont-size:32px;\n}\n#top .avia-slideshow .av-slideshow-caption.av-av_slideshow_full-c398795418f1f149e907c767d8c4e602__0 .avia-caption-content p{\nfont-size:32px;\n}\n<\/style>\n<div  class='avia-slideshow av-av_slideshow_full-c398795418f1f149e907c767d8c4e602 avia-slideshow-no scaling av_slideshow_full avia-slide-slider main-hero agriculture av-slideshow-ui av-control-default av-slideshow-manual av-loop-once av-loop-manual-endless av-default-height-applied   avia-slideshow-1' data-slideshow-options=\"{&quot;animation&quot;:&quot;slide&quot;,&quot;autoplay&quot;:false,&quot;loop_autoplay&quot;:&quot;once&quot;,&quot;interval&quot;:5,&quot;loop_manual&quot;:&quot;manual-endless&quot;,&quot;autoplay_stopper&quot;:false,&quot;noNavigation&quot;:false,&quot;bg_slider&quot;:false,&quot;keep_padding&quot;:false,&quot;hoverpause&quot;:false,&quot;show_slide_delay&quot;:0}\"  itemprop=\"image\" itemscope=\"itemscope\" itemtype=\"https:\/\/schema.org\/ImageObject\" ><ul class='avia-slideshow-inner ' style='padding-bottom: 62.668045501551%;'><li  class='avia-slideshow-slide av-av_slideshow_full-c398795418f1f149e907c767d8c4e602__0  av-single-slide slide-1 slide-odd'><div data-rel='slideshow-1' class='avia-slide-wrap '   ><div class='av-slideshow-caption av-av_slideshow_full-c398795418f1f149e907c767d8c4e602__0 caption_fullwidth caption_right caption_right_framed caption_framed'><div class=\"container caption_container\"><div class=\"slideshow_caption\"><div class=\"slideshow_inner_caption\"><div class=\"slideshow_align_caption\"><h2 class='avia-caption-title '  itemprop=\"name\" >Tiser - Insurance Broker<\/h2><div class='avia-caption-content '  itemprop=\"description\" ><p>Valuable care<\/p>\n<\/div><\/div><\/div><\/div><\/div><\/div><img class=\"wp-image-1441 avia-img-lazy-loading-not-1441\"  src='https:\/\/tiser-riskconsult.com\/wp-content\/uploads\/2018\/11\/agric.jpg' width='1934' height='1212' title='agric' alt=''  itemprop=\"thumbnailUrl\"   \/><\/div><\/li><\/ul><\/div><\/div><div id='after_full_slider_1'  class='main_color av_default_container_wrap container_wrap sidebar_right'  ><div class='container av-section-cont-open' ><div class='template-page content  av-content-small alpha units'><div class='post-entry post-entry-type-page post-entry-1336'><div class='entry-content-wrapper clearfix'>\n\n<style type=\"text\/css\" data-created_by=\"avia_inline_auto\" id=\"style-css-av-av_one_full-15d750bd1b332b34c6e70b077ebbccdf\">\n.flex_column.av-av_one_full-15d750bd1b332b34c6e70b077ebbccdf{\n-webkit-border-radius:0px 0px 0px 0px;\n-moz-border-radius:0px 0px 0px 0px;\nborder-radius:0px 0px 0px 0px;\npadding:0px 0px 0px 0px;\n}\n<\/style>\n<div class='flex_column av-av_one_full-15d750bd1b332b34c6e70b077ebbccdf av_one_full  avia-builder-el-1  el_after_av_slideshow_full  el_before_av_font_icon  avia-builder-el-first  first flex_column_div av-zero-column-padding '     ><section  class='av_textblock_section av-av_textblock-2bd894dbf2e4bf2c4acf98ce4fbf94aa'  itemscope=\"itemscope\" itemtype=\"https:\/\/schema.org\/CreativeWork\" ><div class='avia_textblock'  itemprop=\"text\" ><h1 style=\"text-align: center;\">Agricultural insurances<\/h1>\n<\/div><\/section><br \/>\n<div  class='hr av-av_hr-0ff602b3e980a3377077ff3c1c834df6 hr-default  avia-builder-el-3  el_after_av_textblock  el_before_av_textblock '><span class='hr-inner '><span class=\"hr-inner-style\"><\/span><\/span><\/div><br \/>\n<section  class='av_textblock_section av-av_textblock-558ac813d544be5f87b1df7eae05d0f6'  itemscope=\"itemscope\" itemtype=\"https:\/\/schema.org\/CreativeWork\" ><div class='avia_textblock product-text-block'  itemprop=\"text\" ><p><em><span style=\"text-decoration: underline;\">Mez\u0151gazdas\u00e1gi n\u00f6v\u00e9nybiztos\u00edt\u00e1s (t\u00e1mogatott \u00e9s nem d\u00edjt\u00e1mogatott)<\/span><\/em><br \/>\nA sz\u00e1nt\u00f3f\u00f6ldi \u00e9s kert\u00e9szeti n\u00f6v\u00e9nyek termeszt\u00e9s\u00e9vel foglalkoz\u00f3 gazd\u00e1lkod\u00f3k sz\u00e1m\u00e1ra aj\u00e1nljuk a Mez\u0151gazdas\u00e1gi n\u00f6v\u00e9nybiztos\u00edt\u00e1st, mely biztos v\u00e9delmet ny\u00fajt n\u00f6v\u00e9nykult\u00far\u00e1kat fenyeget\u0151 elemi k\u00e1rok (p\u00e9ld\u00e1ul t\u0171z, j\u00e9ges\u0151, fagy, vihar \u00e9s talajmechanikai k\u00e1rok) okozta term\u00e9skies\u00e9sre.<\/p>\n<p><span style=\"text-decoration: underline;\"><em>\u00c1llatbiztos\u00edt\u00e1sok<\/em><\/span><br \/>\nA hazai \u00e1llatteny\u00e9szt\u00e9ssel foglalkoz\u00f3 gazd\u00e1k tudj\u00e1k csak igaz\u00e1n, hogy a term\u00e9szeti csap\u00e1sok, j\u00e1rv\u00e1nyok, fert\u0151z\u00e9sek milyen folyamatos vesz\u00e9lyt jelentenek \u00e1llataikra n\u00e9zve. \u00c1llatbiztos\u00edt\u00e1si fedezetet ez\u00e9rt azoknak aj\u00e1nljuk, akik szeretn\u00e9nek felk\u00e9sz\u00fclni a v\u00e1ratlan esem\u00e9nyekre \u00e9s szeretn\u00e9k megv\u00e9deni gazdas\u00e1gukat a lehets\u00e9ges kock\u00e1zatokt\u00f3l.<span style=\"font-size: 17px;\">.<\/span><\/p>\n<\/div><\/section><\/p><\/div>\n\n<style type=\"text\/css\" data-created_by=\"avia_inline_auto\" id=\"style-css-av-av_font_icon-74eaef3c83824e43c5bf2f32ab0854c7\">\n.av_font_icon.av-av_font_icon-74eaef3c83824e43c5bf2f32ab0854c7 .av-icon-char{\nfont-size:30px;\nline-height:30px;\nwidth:30px;\n}\n<\/style>\n<span  class='av_font_icon av-av_font_icon-74eaef3c83824e43c5bf2f32ab0854c7 avia_animate_when_visible av-icon-style-border avia-icon-pos-left back-icon av-no-color avia-icon-animate'><a href='https:\/\/tiser-riskconsult.com\/en\/termekek\/specialis\/'  class='av-icon-char' aria-hidden='true' data-av_icon='\ue888' data-av_iconfont='entypo-fontello' ><\/a><span class='av_icon_caption av-special-font'>Back to special products<\/span><\/span>\n","protected":false},"excerpt":{"rendered":"","protected":false},"author":3,"featured_media":0,"parent":1297,"menu_order":0,"comment_status":"closed","ping_status":"closed","template":"","meta":{"footnotes":""},"class_list":["post-1336","page","type-page","status-publish","hentry"],"yoast_head":"<!-- This site is optimized with the Yoast SEO plugin v27.1.1 - https:\/\/yoast.com\/product\/yoast-seo-wordpress\/ -->\n<title>Agricultural insurances - Tiser<\/title>\n<meta name=\"robots\" content=\"index, follow, max-snippet:-1, max-image-preview:large, max-video-preview:-1\" \/>\n<link rel=\"canonical\" href=\"https:\/\/tiser-riskconsult.com\/en\/termekek\/specialis\/mezogazdasagi-biztositasok\/\" \/>\n<meta property=\"og:locale\" content=\"en_US\" \/>\n<meta property=\"og:type\" content=\"article\" \/>\n<meta property=\"og:title\" content=\"Agricultural insurances - Tiser\" \/>\n<meta property=\"og:url\" content=\"https:\/\/tiser-riskconsult.com\/en\/termekek\/specialis\/mezogazdasagi-biztositasok\/\" \/>\n<meta property=\"og:site_name\" content=\"Tiser\" \/>\n<meta property=\"article:modified_time\" content=\"2025-04-14T12:31:57+00:00\" \/>\n<meta name=\"twitter:card\" content=\"summary_large_image\" \/>\n<meta name=\"twitter:label1\" content=\"Est. reading time\" \/>\n\t<meta name=\"twitter:data1\" content=\"3 minutes\" \/>\n<script type=\"application\/ld+json\" class=\"yoast-schema-graph\">{\"@context\":\"https:\/\/schema.org\",\"@graph\":[{\"@type\":\"WebPage\",\"@id\":\"https:\/\/tiser-riskconsult.com\/en\/termekek\/specialis\/mezogazdasagi-biztositasok\/\",\"url\":\"https:\/\/tiser-riskconsult.com\/en\/termekek\/specialis\/mezogazdasagi-biztositasok\/\",\"name\":\"Agricultural insurances - Tiser\",\"isPartOf\":{\"@id\":\"https:\/\/tiser-riskconsult.com\/en\/#website\"},\"datePublished\":\"2018-11-06T14:54:37+00:00\",\"dateModified\":\"2025-04-14T12:31:57+00:00\",\"breadcrumb\":{\"@id\":\"https:\/\/tiser-riskconsult.com\/en\/termekek\/specialis\/mezogazdasagi-biztositasok\/#breadcrumb\"},\"inLanguage\":\"en-US\",\"potentialAction\":[{\"@type\":\"ReadAction\",\"target\":[\"https:\/\/tiser-riskconsult.com\/en\/termekek\/specialis\/mezogazdasagi-biztositasok\/\"]}]},{\"@type\":\"BreadcrumbList\",\"@id\":\"https:\/\/tiser-riskconsult.com\/en\/termekek\/specialis\/mezogazdasagi-biztositasok\/#breadcrumb\",\"itemListElement\":[{\"@type\":\"ListItem\",\"position\":1,\"name\":\"Home\",\"item\":\"https:\/\/tiser-riskconsult.com\/en\/home\/\"},{\"@type\":\"ListItem\",\"position\":2,\"name\":\"Products\",\"item\":\"https:\/\/tiser-riskconsult.com\/en\/termekek\/\"},{\"@type\":\"ListItem\",\"position\":3,\"name\":\"Special\",\"item\":\"https:\/\/tiser-riskconsult.com\/en\/termekek\/specialis\/\"},{\"@type\":\"ListItem\",\"position\":4,\"name\":\"Agricultural insurances\"}]},{\"@type\":\"WebSite\",\"@id\":\"https:\/\/tiser-riskconsult.com\/en\/#website\",\"url\":\"https:\/\/tiser-riskconsult.com\/en\/\",\"name\":\"Tiser\",\"description\":\"insurance solutions\",\"potentialAction\":[{\"@type\":\"SearchAction\",\"target\":{\"@type\":\"EntryPoint\",\"urlTemplate\":\"https:\/\/tiser-riskconsult.com\/en\/?s={search_term_string}\"},\"query-input\":{\"@type\":\"PropertyValueSpecification\",\"valueRequired\":true,\"valueName\":\"search_term_string\"}}],\"inLanguage\":\"en-US\"}]}<\/script>\n<!-- \/ Yoast SEO plugin. -->","yoast_head_json":{"title":"Agricultural insurances - Tiser","robots":{"index":"index","follow":"follow","max-snippet":"max-snippet:-1","max-image-preview":"max-image-preview:large","max-video-preview":"max-video-preview:-1"},"canonical":"https:\/\/tiser-riskconsult.com\/en\/termekek\/specialis\/mezogazdasagi-biztositasok\/","og_locale":"en_US","og_type":"article","og_title":"Agricultural insurances - Tiser","og_url":"https:\/\/tiser-riskconsult.com\/en\/termekek\/specialis\/mezogazdasagi-biztositasok\/","og_site_name":"Tiser","article_modified_time":"2025-04-14T12:31:57+00:00","twitter_card":"summary_large_image","twitter_misc":{"Est. reading time":"3 minutes"},"schema":{"@context":"https:\/\/schema.org","@graph":[{"@type":"WebPage","@id":"https:\/\/tiser-riskconsult.com\/en\/termekek\/specialis\/mezogazdasagi-biztositasok\/","url":"https:\/\/tiser-riskconsult.com\/en\/termekek\/specialis\/mezogazdasagi-biztositasok\/","name":"Agricultural insurances - Tiser","isPartOf":{"@id":"https:\/\/tiser-riskconsult.com\/en\/#website"},"datePublished":"2018-11-06T14:54:37+00:00","dateModified":"2025-04-14T12:31:57+00:00","breadcrumb":{"@id":"https:\/\/tiser-riskconsult.com\/en\/termekek\/specialis\/mezogazdasagi-biztositasok\/#breadcrumb"},"inLanguage":"en-US","potentialAction":[{"@type":"ReadAction","target":["https:\/\/tiser-riskconsult.com\/en\/termekek\/specialis\/mezogazdasagi-biztositasok\/"]}]},{"@type":"BreadcrumbList","@id":"https:\/\/tiser-riskconsult.com\/en\/termekek\/specialis\/mezogazdasagi-biztositasok\/#breadcrumb","itemListElement":[{"@type":"ListItem","position":1,"name":"Home","item":"https:\/\/tiser-riskconsult.com\/en\/home\/"},{"@type":"ListItem","position":2,"name":"Products","item":"https:\/\/tiser-riskconsult.com\/en\/termekek\/"},{"@type":"ListItem","position":3,"name":"Special","item":"https:\/\/tiser-riskconsult.com\/en\/termekek\/specialis\/"},{"@type":"ListItem","position":4,"name":"Agricultural insurances"}]},{"@type":"WebSite","@id":"https:\/\/tiser-riskconsult.com\/en\/#website","url":"https:\/\/tiser-riskconsult.com\/en\/","name":"Tiser","description":"insurance solutions","potentialAction":[{"@type":"SearchAction","target":{"@type":"EntryPoint","urlTemplate":"https:\/\/tiser-riskconsult.com\/en\/?s={search_term_string}"},"query-input":{"@type":"PropertyValueSpecification","valueRequired":true,"valueName":"search_term_string"}}],"inLanguage":"en-US"}]}},"_links":{"self":[{"href":"https:\/\/tiser-riskconsult.com\/en\/wp-json\/wp\/v2\/pages\/1336","targetHints":{"allow":["GET"]}}],"collection":[{"href":"https:\/\/tiser-riskconsult.com\/en\/wp-json\/wp\/v2\/pages"}],"about":[{"href":"https:\/\/tiser-riskconsult.com\/en\/wp-json\/wp\/v2\/types\/page"}],"author":[{"embeddable":true,"href":"https:\/\/tiser-riskconsult.com\/en\/wp-json\/wp\/v2\/users\/3"}],"replies":[{"embeddable":true,"href":"https:\/\/tiser-riskconsult.com\/en\/wp-json\/wp\/v2\/comments?post=1336"}],"version-history":[{"count":6,"href":"https:\/\/tiser-riskconsult.com\/en\/wp-json\/wp\/v2\/pages\/1336\/revisions"}],"predecessor-version":[{"id":1783,"href":"https:\/\/tiser-riskconsult.com\/en\/wp-json\/wp\/v2\/pages\/1336\/revisions\/1783"}],"up":[{"embeddable":true,"href":"https:\/\/tiser-riskconsult.com\/en\/wp-json\/wp\/v2\/pages\/1297"}],"wp:attachment":[{"href":"https:\/\/tiser-riskconsult.com\/en\/wp-json\/wp\/v2\/media?parent=1336"}],"curies":[{"name":"wp","href":"https:\/\/api.w.org\/{rel}","templated":true}]}}