{"id":1346,"date":"2018-11-06T13:36:38","date_gmt":"2018-11-06T13:36:38","guid":{"rendered":"https:\/\/tiser-riskconsult.com\/termekek\/vallalati\/elektronikus-berendezesek-biztositasa\/"},"modified":"2025-04-14T12:31:56","modified_gmt":"2025-04-14T12:31:56","slug":"elektronikus-berendezesek-biztositasa","status":"publish","type":"page","link":"https:\/\/tiser-riskconsult.com\/en\/termekek\/vallalati\/elektronikus-berendezesek-biztositasa\/","title":{"rendered":"Electronic appliances insurance"},"content":{"rendered":"<div id='full_slider_1'  class='avia-fullwidth-slider main_color avia-shadow   avia-builder-el-0  el_before_av_one_full  avia-builder-el-first  main-hero electricity  container_wrap sidebar_right'  >\n<style type=\"text\/css\" data-created_by=\"avia_inline_auto\" id=\"style-css-av-av_slideshow_full-20b76e9e5ea8e871ebc235c799e9f93e\">\n#top #wrap_all .avia-slideshow .av-slideshow-caption.av-av_slideshow_full-20b76e9e5ea8e871ebc235c799e9f93e__0 .avia-caption-title{\nfont-size:48px;\n}\n#top .avia-slideshow .av-slideshow-caption.av-av_slideshow_full-20b76e9e5ea8e871ebc235c799e9f93e__0 .avia-caption-content{\nfont-size:32px;\n}\n#top .avia-slideshow .av-slideshow-caption.av-av_slideshow_full-20b76e9e5ea8e871ebc235c799e9f93e__0 .avia-caption-content p{\nfont-size:32px;\n}\n<\/style>\n<div  class='avia-slideshow av-av_slideshow_full-20b76e9e5ea8e871ebc235c799e9f93e avia-slideshow-no scaling av_slideshow_full avia-slide-slider main-hero electricity av-slideshow-ui av-control-default av-slideshow-manual av-loop-once av-loop-manual-endless av-default-height-applied   avia-slideshow-1' data-slideshow-options=\"{&quot;animation&quot;:&quot;slide&quot;,&quot;autoplay&quot;:false,&quot;loop_autoplay&quot;:&quot;once&quot;,&quot;interval&quot;:5,&quot;loop_manual&quot;:&quot;manual-endless&quot;,&quot;autoplay_stopper&quot;:false,&quot;noNavigation&quot;:false,&quot;bg_slider&quot;:false,&quot;keep_padding&quot;:false,&quot;hoverpause&quot;:false,&quot;show_slide_delay&quot;:0}\"  itemprop=\"image\" itemscope=\"itemscope\" itemtype=\"https:\/\/schema.org\/ImageObject\" ><ul class='avia-slideshow-inner ' style='padding-bottom: 65.231572080887%;'><li  class='avia-slideshow-slide av-av_slideshow_full-20b76e9e5ea8e871ebc235c799e9f93e__0  av-single-slide slide-1 slide-odd'><div data-rel='slideshow-1' class='avia-slide-wrap '   ><div class='av-slideshow-caption av-av_slideshow_full-20b76e9e5ea8e871ebc235c799e9f93e__0 caption_fullwidth caption_right caption_right_framed caption_framed'><div class=\"container caption_container\"><div class=\"slideshow_caption\"><div class=\"slideshow_inner_caption\"><div class=\"slideshow_align_caption\"><h2 class='avia-caption-title '  itemprop=\"name\" >Tiser - Insurance Broker<\/h2><div class='avia-caption-content '  itemprop=\"description\" ><p>Valuable care<\/p>\n<\/div><\/div><\/div><\/div><\/div><\/div><img class=\"wp-image-1457 avia-img-lazy-loading-not-1457\"  src='https:\/\/tiser-riskconsult.com\/wp-content\/uploads\/2018\/11\/mach3.jpg' width='1533' height='1000' title='mach3' alt=''  itemprop=\"thumbnailUrl\"   \/><\/div><\/li><\/ul><\/div><\/div><div id='after_full_slider_1'  class='main_color av_default_container_wrap container_wrap sidebar_right'  ><div class='container av-section-cont-open' ><div class='template-page content  av-content-small alpha units'><div class='post-entry post-entry-type-page post-entry-1346'><div class='entry-content-wrapper clearfix'>\n\n<style type=\"text\/css\" data-created_by=\"avia_inline_auto\" id=\"style-css-av-av_one_full-15d750bd1b332b34c6e70b077ebbccdf\">\n.flex_column.av-av_one_full-15d750bd1b332b34c6e70b077ebbccdf{\n-webkit-border-radius:0px 0px 0px 0px;\n-moz-border-radius:0px 0px 0px 0px;\nborder-radius:0px 0px 0px 0px;\npadding:0px 0px 0px 0px;\n}\n<\/style>\n<div class='flex_column av-av_one_full-15d750bd1b332b34c6e70b077ebbccdf av_one_full  avia-builder-el-1  el_after_av_slideshow_full  el_before_av_font_icon  avia-builder-el-first  first flex_column_div av-zero-column-padding '     ><section  class='av_textblock_section av-av_textblock-2bd894dbf2e4bf2c4acf98ce4fbf94aa'  itemscope=\"itemscope\" itemtype=\"https:\/\/schema.org\/CreativeWork\" ><div class='avia_textblock'  itemprop=\"text\" ><h1 style=\"text-align: center;\">Electronic appliances insurance<\/h1>\n<\/div><\/section><br \/>\n<div  class='hr av-av_hr-0ff602b3e980a3377077ff3c1c834df6 hr-default  avia-builder-el-3  el_after_av_textblock  el_before_av_textblock '><span class='hr-inner '><span class=\"hr-inner-style\"><\/span><\/span><\/div><br \/>\n<section  class='av_textblock_section av-av_textblock-558ac813d544be5f87b1df7eae05d0f6'  itemscope=\"itemscope\" itemtype=\"https:\/\/schema.org\/CreativeWork\" ><div class='avia_textblock product-text-block'  itemprop=\"text\" ><p>Az elektronikus berendez\u00e9sekre vonatkoz\u00f3 biztos\u00edt\u00e1s eset\u00e9n a fedezet r\u00e9sze lehet az \u00fcgyetlens\u00e9g, a hib\u00e1s kezel\u00e9s is, ahogy egy g\u00e9pt\u00f6r\u00e9s-biztos\u00edt\u00e1s eset\u00e9n fedezve van a mechanikus t\u00f6r\u00e9sb\u0151l ered\u0151 (adott esetben garanci\u00e1lis hib\u00e1nak min\u0151s\u00fcl\u0151) k\u00e1resem\u00e9ny is, amely komoly vesztes\u00e9get okozhat, ennek ellen\u00e9re a norm\u00e1l vagyonbiztos\u00edt\u00e1sb\u00f3l kiz\u00e1rt esem\u00e9ny.<\/p>\n<\/div><\/section><\/p><\/div>\n\n<style type=\"text\/css\" data-created_by=\"avia_inline_auto\" id=\"style-css-av-av_font_icon-fec51e9121062f7901321285c4cb5229\">\n.av_font_icon.av-av_font_icon-fec51e9121062f7901321285c4cb5229 .av-icon-char{\nfont-size:30px;\nline-height:30px;\nwidth:30px;\n}\n<\/style>\n<span  class='av_font_icon av-av_font_icon-fec51e9121062f7901321285c4cb5229 avia_animate_when_visible av-icon-style-border avia-icon-pos-left back-icon av-no-color avia-icon-animate'><a href='https:\/\/tiser-riskconsult.com\/en\/termekek\/vallalati'  class='av-icon-char' aria-hidden='true' data-av_icon='\ue888' data-av_iconfont='entypo-fontello' ><\/a><span class='av_icon_caption av-special-font'>Back to business products<\/span><\/span>\n","protected":false},"excerpt":{"rendered":"","protected":false},"author":3,"featured_media":0,"parent":1294,"menu_order":0,"comment_status":"closed","ping_status":"closed","template":"","meta":{"footnotes":""},"class_list":["post-1346","page","type-page","status-publish","hentry"],"yoast_head":"<!-- This site is optimized with the Yoast SEO plugin v27.1.1 - https:\/\/yoast.com\/product\/yoast-seo-wordpress\/ -->\n<title>Electronic appliances insurance - Tiser<\/title>\n<meta name=\"robots\" content=\"index, follow, max-snippet:-1, max-image-preview:large, max-video-preview:-1\" \/>\n<link rel=\"canonical\" href=\"https:\/\/tiser-riskconsult.com\/en\/termekek\/vallalati\/elektronikus-berendezesek-biztositasa\/\" \/>\n<meta property=\"og:locale\" content=\"en_US\" \/>\n<meta property=\"og:type\" content=\"article\" \/>\n<meta property=\"og:title\" content=\"Electronic appliances insurance - Tiser\" \/>\n<meta property=\"og:url\" content=\"https:\/\/tiser-riskconsult.com\/en\/termekek\/vallalati\/elektronikus-berendezesek-biztositasa\/\" \/>\n<meta property=\"og:site_name\" content=\"Tiser\" \/>\n<meta property=\"article:modified_time\" content=\"2025-04-14T12:31:56+00:00\" \/>\n<meta name=\"twitter:card\" content=\"summary_large_image\" \/>\n<meta name=\"twitter:label1\" content=\"Est. reading time\" \/>\n\t<meta name=\"twitter:data1\" content=\"2 minutes\" \/>\n<script type=\"application\/ld+json\" class=\"yoast-schema-graph\">{\"@context\":\"https:\/\/schema.org\",\"@graph\":[{\"@type\":\"WebPage\",\"@id\":\"https:\/\/tiser-riskconsult.com\/en\/termekek\/vallalati\/elektronikus-berendezesek-biztositasa\/\",\"url\":\"https:\/\/tiser-riskconsult.com\/en\/termekek\/vallalati\/elektronikus-berendezesek-biztositasa\/\",\"name\":\"Electronic appliances insurance - Tiser\",\"isPartOf\":{\"@id\":\"https:\/\/tiser-riskconsult.com\/en\/#website\"},\"datePublished\":\"2018-11-06T13:36:38+00:00\",\"dateModified\":\"2025-04-14T12:31:56+00:00\",\"breadcrumb\":{\"@id\":\"https:\/\/tiser-riskconsult.com\/en\/termekek\/vallalati\/elektronikus-berendezesek-biztositasa\/#breadcrumb\"},\"inLanguage\":\"en-US\",\"potentialAction\":[{\"@type\":\"ReadAction\",\"target\":[\"https:\/\/tiser-riskconsult.com\/en\/termekek\/vallalati\/elektronikus-berendezesek-biztositasa\/\"]}]},{\"@type\":\"BreadcrumbList\",\"@id\":\"https:\/\/tiser-riskconsult.com\/en\/termekek\/vallalati\/elektronikus-berendezesek-biztositasa\/#breadcrumb\",\"itemListElement\":[{\"@type\":\"ListItem\",\"position\":1,\"name\":\"Home\",\"item\":\"https:\/\/tiser-riskconsult.com\/en\/home\/\"},{\"@type\":\"ListItem\",\"position\":2,\"name\":\"Products\",\"item\":\"https:\/\/tiser-riskconsult.com\/en\/termekek\/\"},{\"@type\":\"ListItem\",\"position\":3,\"name\":\"Business\",\"item\":\"https:\/\/tiser-riskconsult.com\/en\/termekek\/vallalati\/\"},{\"@type\":\"ListItem\",\"position\":4,\"name\":\"Electronic appliances insurance\"}]},{\"@type\":\"WebSite\",\"@id\":\"https:\/\/tiser-riskconsult.com\/en\/#website\",\"url\":\"https:\/\/tiser-riskconsult.com\/en\/\",\"name\":\"Tiser\",\"description\":\"insurance solutions\",\"potentialAction\":[{\"@type\":\"SearchAction\",\"target\":{\"@type\":\"EntryPoint\",\"urlTemplate\":\"https:\/\/tiser-riskconsult.com\/en\/?s={search_term_string}\"},\"query-input\":{\"@type\":\"PropertyValueSpecification\",\"valueRequired\":true,\"valueName\":\"search_term_string\"}}],\"inLanguage\":\"en-US\"}]}<\/script>\n<!-- \/ Yoast SEO plugin. -->","yoast_head_json":{"title":"Electronic appliances insurance - Tiser","robots":{"index":"index","follow":"follow","max-snippet":"max-snippet:-1","max-image-preview":"max-image-preview:large","max-video-preview":"max-video-preview:-1"},"canonical":"https:\/\/tiser-riskconsult.com\/en\/termekek\/vallalati\/elektronikus-berendezesek-biztositasa\/","og_locale":"en_US","og_type":"article","og_title":"Electronic appliances insurance - Tiser","og_url":"https:\/\/tiser-riskconsult.com\/en\/termekek\/vallalati\/elektronikus-berendezesek-biztositasa\/","og_site_name":"Tiser","article_modified_time":"2025-04-14T12:31:56+00:00","twitter_card":"summary_large_image","twitter_misc":{"Est. reading time":"2 minutes"},"schema":{"@context":"https:\/\/schema.org","@graph":[{"@type":"WebPage","@id":"https:\/\/tiser-riskconsult.com\/en\/termekek\/vallalati\/elektronikus-berendezesek-biztositasa\/","url":"https:\/\/tiser-riskconsult.com\/en\/termekek\/vallalati\/elektronikus-berendezesek-biztositasa\/","name":"Electronic appliances insurance - Tiser","isPartOf":{"@id":"https:\/\/tiser-riskconsult.com\/en\/#website"},"datePublished":"2018-11-06T13:36:38+00:00","dateModified":"2025-04-14T12:31:56+00:00","breadcrumb":{"@id":"https:\/\/tiser-riskconsult.com\/en\/termekek\/vallalati\/elektronikus-berendezesek-biztositasa\/#breadcrumb"},"inLanguage":"en-US","potentialAction":[{"@type":"ReadAction","target":["https:\/\/tiser-riskconsult.com\/en\/termekek\/vallalati\/elektronikus-berendezesek-biztositasa\/"]}]},{"@type":"BreadcrumbList","@id":"https:\/\/tiser-riskconsult.com\/en\/termekek\/vallalati\/elektronikus-berendezesek-biztositasa\/#breadcrumb","itemListElement":[{"@type":"ListItem","position":1,"name":"Home","item":"https:\/\/tiser-riskconsult.com\/en\/home\/"},{"@type":"ListItem","position":2,"name":"Products","item":"https:\/\/tiser-riskconsult.com\/en\/termekek\/"},{"@type":"ListItem","position":3,"name":"Business","item":"https:\/\/tiser-riskconsult.com\/en\/termekek\/vallalati\/"},{"@type":"ListItem","position":4,"name":"Electronic appliances insurance"}]},{"@type":"WebSite","@id":"https:\/\/tiser-riskconsult.com\/en\/#website","url":"https:\/\/tiser-riskconsult.com\/en\/","name":"Tiser","description":"insurance solutions","potentialAction":[{"@type":"SearchAction","target":{"@type":"EntryPoint","urlTemplate":"https:\/\/tiser-riskconsult.com\/en\/?s={search_term_string}"},"query-input":{"@type":"PropertyValueSpecification","valueRequired":true,"valueName":"search_term_string"}}],"inLanguage":"en-US"}]}},"_links":{"self":[{"href":"https:\/\/tiser-riskconsult.com\/en\/wp-json\/wp\/v2\/pages\/1346","targetHints":{"allow":["GET"]}}],"collection":[{"href":"https:\/\/tiser-riskconsult.com\/en\/wp-json\/wp\/v2\/pages"}],"about":[{"href":"https:\/\/tiser-riskconsult.com\/en\/wp-json\/wp\/v2\/types\/page"}],"author":[{"embeddable":true,"href":"https:\/\/tiser-riskconsult.com\/en\/wp-json\/wp\/v2\/users\/3"}],"replies":[{"embeddable":true,"href":"https:\/\/tiser-riskconsult.com\/en\/wp-json\/wp\/v2\/comments?post=1346"}],"version-history":[{"count":4,"href":"https:\/\/tiser-riskconsult.com\/en\/wp-json\/wp\/v2\/pages\/1346\/revisions"}],"predecessor-version":[{"id":1602,"href":"https:\/\/tiser-riskconsult.com\/en\/wp-json\/wp\/v2\/pages\/1346\/revisions\/1602"}],"up":[{"embeddable":true,"href":"https:\/\/tiser-riskconsult.com\/en\/wp-json\/wp\/v2\/pages\/1294"}],"wp:attachment":[{"href":"https:\/\/tiser-riskconsult.com\/en\/wp-json\/wp\/v2\/media?parent=1346"}],"curies":[{"name":"wp","href":"https:\/\/api.w.org\/{rel}","templated":true}]}}