{"id":1350,"date":"2018-11-06T13:38:23","date_gmt":"2018-11-06T13:38:23","guid":{"rendered":"https:\/\/tiser-riskconsult.com\/termekek\/vallalati\/epites-es-szerelesbiztositasok-c-a-r\/"},"modified":"2025-04-14T12:31:56","modified_gmt":"2025-04-14T12:31:56","slug":"epites-es-szerelesbiztositasok-c-a-r","status":"publish","type":"page","link":"https:\/\/tiser-riskconsult.com\/en\/termekek\/vallalati\/epites-es-szerelesbiztositasok-c-a-r\/","title":{"rendered":"Construction and installation insurance"},"content":{"rendered":"<div id='full_slider_1'  class='avia-fullwidth-slider main_color avia-shadow   avia-builder-el-0  el_before_av_one_full  avia-builder-el-first  main-hero construction  container_wrap sidebar_right'  >\n<style type=\"text\/css\" data-created_by=\"avia_inline_auto\" id=\"style-css-av-av_slideshow_full-64c939d5b72fe8ca274430aa0214834c\">\n#top #wrap_all .avia-slideshow .av-slideshow-caption.av-av_slideshow_full-64c939d5b72fe8ca274430aa0214834c__0 .avia-caption-title{\nfont-size:48px;\n}\n#top .avia-slideshow .av-slideshow-caption.av-av_slideshow_full-64c939d5b72fe8ca274430aa0214834c__0 .avia-caption-content{\nfont-size:32px;\n}\n#top .avia-slideshow .av-slideshow-caption.av-av_slideshow_full-64c939d5b72fe8ca274430aa0214834c__0 .avia-caption-content p{\nfont-size:32px;\n}\n<\/style>\n<div  class='avia-slideshow av-av_slideshow_full-64c939d5b72fe8ca274430aa0214834c avia-slideshow-no scaling av_slideshow_full avia-slide-slider main-hero construction av-slideshow-ui av-control-default av-slideshow-manual av-loop-once av-loop-manual-endless av-default-height-applied   avia-slideshow-1' data-slideshow-options=\"{&quot;animation&quot;:&quot;slide&quot;,&quot;autoplay&quot;:false,&quot;loop_autoplay&quot;:&quot;once&quot;,&quot;interval&quot;:5,&quot;loop_manual&quot;:&quot;manual-endless&quot;,&quot;autoplay_stopper&quot;:false,&quot;noNavigation&quot;:false,&quot;bg_slider&quot;:false,&quot;keep_padding&quot;:false,&quot;hoverpause&quot;:false,&quot;show_slide_delay&quot;:0}\"  itemprop=\"image\" itemscope=\"itemscope\" itemtype=\"https:\/\/schema.org\/ImageObject\" ><ul class='avia-slideshow-inner ' style='padding-bottom: 75%;'><li  class='avia-slideshow-slide av-av_slideshow_full-64c939d5b72fe8ca274430aa0214834c__0  av-single-slide slide-1 slide-odd'><div data-rel='slideshow-1' class='avia-slide-wrap '   ><div class='av-slideshow-caption av-av_slideshow_full-64c939d5b72fe8ca274430aa0214834c__0 caption_fullwidth caption_right caption_right_framed caption_framed'><div class=\"container caption_container\"><div class=\"slideshow_caption\"><div class=\"slideshow_inner_caption\"><div class=\"slideshow_align_caption\"><h2 class='avia-caption-title '  itemprop=\"name\" >Tiser - Insurance Broker<\/h2><div class='avia-caption-content '  itemprop=\"description\" ><p>Valuable care<\/p>\n<\/div><\/div><\/div><\/div><\/div><\/div><img class=\"wp-image-1447 avia-img-lazy-loading-not-1447\"  src='https:\/\/tiser-riskconsult.com\/wp-content\/uploads\/2018\/11\/constr.jpg' width='2304' height='1728' title='constr' alt=''  itemprop=\"thumbnailUrl\"   \/><\/div><\/li><\/ul><\/div><\/div><div id='after_full_slider_1'  class='main_color av_default_container_wrap container_wrap sidebar_right'  ><div class='container av-section-cont-open' ><div class='template-page content  av-content-small alpha units'><div class='post-entry post-entry-type-page post-entry-1350'><div class='entry-content-wrapper clearfix'>\n\n<style type=\"text\/css\" data-created_by=\"avia_inline_auto\" id=\"style-css-av-av_one_full-15d750bd1b332b34c6e70b077ebbccdf\">\n.flex_column.av-av_one_full-15d750bd1b332b34c6e70b077ebbccdf{\n-webkit-border-radius:0px 0px 0px 0px;\n-moz-border-radius:0px 0px 0px 0px;\nborder-radius:0px 0px 0px 0px;\npadding:0px 0px 0px 0px;\n}\n<\/style>\n<div class='flex_column av-av_one_full-15d750bd1b332b34c6e70b077ebbccdf av_one_full  avia-builder-el-1  el_after_av_slideshow_full  el_before_av_font_icon  avia-builder-el-first  first flex_column_div av-zero-column-padding '     ><section  class='av_textblock_section av-av_textblock-2bd894dbf2e4bf2c4acf98ce4fbf94aa'  itemscope=\"itemscope\" itemtype=\"https:\/\/schema.org\/CreativeWork\" ><div class='avia_textblock'  itemprop=\"text\" ><h1 style=\"text-align: center;\">Construction and installation insurance<\/h1>\n<\/div><\/section><br \/>\n<div  class='hr av-av_hr-0ff602b3e980a3377077ff3c1c834df6 hr-default  avia-builder-el-3  el_after_av_textblock  el_before_av_textblock '><span class='hr-inner '><span class=\"hr-inner-style\"><\/span><\/span><\/div><br \/>\n<section  class='av_textblock_section av-av_textblock-558ac813d544be5f87b1df7eae05d0f6'  itemscope=\"itemscope\" itemtype=\"https:\/\/schema.org\/CreativeWork\" ><div class='avia_textblock product-text-block'  itemprop=\"text\" ><p>A biztos\u00edtott teljes magas- vagy m\u00e9ly\u00e9p\u00edt\u00e9si teljes\u00edt\u00e9se \u00e9s munk\u00e1ja, bele\u00e9rtve az \u00f6sszes sz\u00fcks\u00e9ges szerkezeti elemet, \u00e9p\u00edt\u0151anyagot, szakipari teljes\u00edt\u00e9st (elektromos szerel\u00e9s, g\u00e9p\u00e9szet, biztons\u00e1gi berendez\u00e9s, stb.) Biztos\u00edthat\u00f3ak tov\u00e1bb\u00e1 az \u00e9p\u00edt\u00e9shelysz\u00edni berendez\u00e9sek, seg\u00e9dszerkezetek, \u00e9p\u00edt\u0151g\u00e9pek, k\u00e1resem\u00e9nnyel kapcsolatos t\u00f6bbletk\u00f6lts\u00e9gek (romeltakar\u00edt\u00e1s) szak\u00e9rt\u0151i k\u00f6lts\u00e9gek, tervek, dokumentumok nyomtat\u00e1si k\u00f6lts\u00e9ge, a megl\u00e9v\u0151 vagy szomsz\u00e9dos \u00e9p\u00edtm\u00e9nyek felel\u0151ss\u00e9gi k\u00e1rai.<\/p>\n<\/div><\/section><\/p><\/div>\n\n<style type=\"text\/css\" data-created_by=\"avia_inline_auto\" id=\"style-css-av-av_font_icon-fec51e9121062f7901321285c4cb5229\">\n.av_font_icon.av-av_font_icon-fec51e9121062f7901321285c4cb5229 .av-icon-char{\nfont-size:30px;\nline-height:30px;\nwidth:30px;\n}\n<\/style>\n<span  class='av_font_icon av-av_font_icon-fec51e9121062f7901321285c4cb5229 avia_animate_when_visible av-icon-style-border avia-icon-pos-left back-icon av-no-color avia-icon-animate'><a href='https:\/\/tiser-riskconsult.com\/en\/termekek\/vallalati'  class='av-icon-char' aria-hidden='true' data-av_icon='\ue888' data-av_iconfont='entypo-fontello' ><\/a><span class='av_icon_caption av-special-font'>Back to business products<\/span><\/span>\n","protected":false},"excerpt":{"rendered":"","protected":false},"author":3,"featured_media":0,"parent":1294,"menu_order":0,"comment_status":"closed","ping_status":"closed","template":"","meta":{"footnotes":""},"class_list":["post-1350","page","type-page","status-publish","hentry"],"yoast_head":"<!-- This site is optimized with the Yoast SEO plugin v27.1.1 - https:\/\/yoast.com\/product\/yoast-seo-wordpress\/ -->\n<title>Construction and installation insurance - Tiser<\/title>\n<meta name=\"robots\" content=\"index, follow, max-snippet:-1, max-image-preview:large, max-video-preview:-1\" \/>\n<link rel=\"canonical\" href=\"https:\/\/tiser-riskconsult.com\/en\/termekek\/vallalati\/epites-es-szerelesbiztositasok-c-a-r\/\" \/>\n<meta property=\"og:locale\" content=\"en_US\" \/>\n<meta property=\"og:type\" content=\"article\" \/>\n<meta property=\"og:title\" content=\"Construction and installation insurance - Tiser\" \/>\n<meta property=\"og:url\" content=\"https:\/\/tiser-riskconsult.com\/en\/termekek\/vallalati\/epites-es-szerelesbiztositasok-c-a-r\/\" \/>\n<meta property=\"og:site_name\" content=\"Tiser\" \/>\n<meta property=\"article:modified_time\" content=\"2025-04-14T12:31:56+00:00\" \/>\n<meta name=\"twitter:card\" content=\"summary_large_image\" \/>\n<meta name=\"twitter:label1\" content=\"Est. reading time\" \/>\n\t<meta name=\"twitter:data1\" content=\"2 minutes\" \/>\n<script type=\"application\/ld+json\" class=\"yoast-schema-graph\">{\"@context\":\"https:\/\/schema.org\",\"@graph\":[{\"@type\":\"WebPage\",\"@id\":\"https:\/\/tiser-riskconsult.com\/en\/termekek\/vallalati\/epites-es-szerelesbiztositasok-c-a-r\/\",\"url\":\"https:\/\/tiser-riskconsult.com\/en\/termekek\/vallalati\/epites-es-szerelesbiztositasok-c-a-r\/\",\"name\":\"Construction and installation insurance - Tiser\",\"isPartOf\":{\"@id\":\"https:\/\/tiser-riskconsult.com\/en\/#website\"},\"datePublished\":\"2018-11-06T13:38:23+00:00\",\"dateModified\":\"2025-04-14T12:31:56+00:00\",\"breadcrumb\":{\"@id\":\"https:\/\/tiser-riskconsult.com\/en\/termekek\/vallalati\/epites-es-szerelesbiztositasok-c-a-r\/#breadcrumb\"},\"inLanguage\":\"en-US\",\"potentialAction\":[{\"@type\":\"ReadAction\",\"target\":[\"https:\/\/tiser-riskconsult.com\/en\/termekek\/vallalati\/epites-es-szerelesbiztositasok-c-a-r\/\"]}]},{\"@type\":\"BreadcrumbList\",\"@id\":\"https:\/\/tiser-riskconsult.com\/en\/termekek\/vallalati\/epites-es-szerelesbiztositasok-c-a-r\/#breadcrumb\",\"itemListElement\":[{\"@type\":\"ListItem\",\"position\":1,\"name\":\"Home\",\"item\":\"https:\/\/tiser-riskconsult.com\/en\/home\/\"},{\"@type\":\"ListItem\",\"position\":2,\"name\":\"Products\",\"item\":\"https:\/\/tiser-riskconsult.com\/en\/termekek\/\"},{\"@type\":\"ListItem\",\"position\":3,\"name\":\"Business\",\"item\":\"https:\/\/tiser-riskconsult.com\/en\/termekek\/vallalati\/\"},{\"@type\":\"ListItem\",\"position\":4,\"name\":\"Construction and installation insurance\"}]},{\"@type\":\"WebSite\",\"@id\":\"https:\/\/tiser-riskconsult.com\/en\/#website\",\"url\":\"https:\/\/tiser-riskconsult.com\/en\/\",\"name\":\"Tiser\",\"description\":\"insurance solutions\",\"potentialAction\":[{\"@type\":\"SearchAction\",\"target\":{\"@type\":\"EntryPoint\",\"urlTemplate\":\"https:\/\/tiser-riskconsult.com\/en\/?s={search_term_string}\"},\"query-input\":{\"@type\":\"PropertyValueSpecification\",\"valueRequired\":true,\"valueName\":\"search_term_string\"}}],\"inLanguage\":\"en-US\"}]}<\/script>\n<!-- \/ Yoast SEO plugin. -->","yoast_head_json":{"title":"Construction and installation insurance - Tiser","robots":{"index":"index","follow":"follow","max-snippet":"max-snippet:-1","max-image-preview":"max-image-preview:large","max-video-preview":"max-video-preview:-1"},"canonical":"https:\/\/tiser-riskconsult.com\/en\/termekek\/vallalati\/epites-es-szerelesbiztositasok-c-a-r\/","og_locale":"en_US","og_type":"article","og_title":"Construction and installation insurance - Tiser","og_url":"https:\/\/tiser-riskconsult.com\/en\/termekek\/vallalati\/epites-es-szerelesbiztositasok-c-a-r\/","og_site_name":"Tiser","article_modified_time":"2025-04-14T12:31:56+00:00","twitter_card":"summary_large_image","twitter_misc":{"Est. reading time":"2 minutes"},"schema":{"@context":"https:\/\/schema.org","@graph":[{"@type":"WebPage","@id":"https:\/\/tiser-riskconsult.com\/en\/termekek\/vallalati\/epites-es-szerelesbiztositasok-c-a-r\/","url":"https:\/\/tiser-riskconsult.com\/en\/termekek\/vallalati\/epites-es-szerelesbiztositasok-c-a-r\/","name":"Construction and installation insurance - Tiser","isPartOf":{"@id":"https:\/\/tiser-riskconsult.com\/en\/#website"},"datePublished":"2018-11-06T13:38:23+00:00","dateModified":"2025-04-14T12:31:56+00:00","breadcrumb":{"@id":"https:\/\/tiser-riskconsult.com\/en\/termekek\/vallalati\/epites-es-szerelesbiztositasok-c-a-r\/#breadcrumb"},"inLanguage":"en-US","potentialAction":[{"@type":"ReadAction","target":["https:\/\/tiser-riskconsult.com\/en\/termekek\/vallalati\/epites-es-szerelesbiztositasok-c-a-r\/"]}]},{"@type":"BreadcrumbList","@id":"https:\/\/tiser-riskconsult.com\/en\/termekek\/vallalati\/epites-es-szerelesbiztositasok-c-a-r\/#breadcrumb","itemListElement":[{"@type":"ListItem","position":1,"name":"Home","item":"https:\/\/tiser-riskconsult.com\/en\/home\/"},{"@type":"ListItem","position":2,"name":"Products","item":"https:\/\/tiser-riskconsult.com\/en\/termekek\/"},{"@type":"ListItem","position":3,"name":"Business","item":"https:\/\/tiser-riskconsult.com\/en\/termekek\/vallalati\/"},{"@type":"ListItem","position":4,"name":"Construction and installation insurance"}]},{"@type":"WebSite","@id":"https:\/\/tiser-riskconsult.com\/en\/#website","url":"https:\/\/tiser-riskconsult.com\/en\/","name":"Tiser","description":"insurance solutions","potentialAction":[{"@type":"SearchAction","target":{"@type":"EntryPoint","urlTemplate":"https:\/\/tiser-riskconsult.com\/en\/?s={search_term_string}"},"query-input":{"@type":"PropertyValueSpecification","valueRequired":true,"valueName":"search_term_string"}}],"inLanguage":"en-US"}]}},"_links":{"self":[{"href":"https:\/\/tiser-riskconsult.com\/en\/wp-json\/wp\/v2\/pages\/1350","targetHints":{"allow":["GET"]}}],"collection":[{"href":"https:\/\/tiser-riskconsult.com\/en\/wp-json\/wp\/v2\/pages"}],"about":[{"href":"https:\/\/tiser-riskconsult.com\/en\/wp-json\/wp\/v2\/types\/page"}],"author":[{"embeddable":true,"href":"https:\/\/tiser-riskconsult.com\/en\/wp-json\/wp\/v2\/users\/3"}],"replies":[{"embeddable":true,"href":"https:\/\/tiser-riskconsult.com\/en\/wp-json\/wp\/v2\/comments?post=1350"}],"version-history":[{"count":4,"href":"https:\/\/tiser-riskconsult.com\/en\/wp-json\/wp\/v2\/pages\/1350\/revisions"}],"predecessor-version":[{"id":1497,"href":"https:\/\/tiser-riskconsult.com\/en\/wp-json\/wp\/v2\/pages\/1350\/revisions\/1497"}],"up":[{"embeddable":true,"href":"https:\/\/tiser-riskconsult.com\/en\/wp-json\/wp\/v2\/pages\/1294"}],"wp:attachment":[{"href":"https:\/\/tiser-riskconsult.com\/en\/wp-json\/wp\/v2\/media?parent=1350"}],"curies":[{"name":"wp","href":"https:\/\/api.w.org\/{rel}","templated":true}]}}