{"id":1354,"date":"2018-11-06T13:37:19","date_gmt":"2018-11-06T13:37:19","guid":{"rendered":"https:\/\/tiser-riskconsult.com\/termekek\/vallalati\/felelossegbiztositas\/"},"modified":"2025-04-14T12:31:56","modified_gmt":"2025-04-14T12:31:56","slug":"felelossegbiztositas","status":"publish","type":"page","link":"https:\/\/tiser-riskconsult.com\/en\/termekek\/vallalati\/felelossegbiztositas\/","title":{"rendered":"Liability insurance"},"content":{"rendered":"<div id='full_slider_1'  class='avia-fullwidth-slider main_color avia-shadow   avia-builder-el-0  el_before_av_one_full  avia-builder-el-first  main-hero liability  container_wrap sidebar_right'  >\n<style type=\"text\/css\" data-created_by=\"avia_inline_auto\" id=\"style-css-av-av_slideshow_full-a73b5fffaff851466e9988920eef7082\">\n#top #wrap_all .avia-slideshow .av-slideshow-caption.av-av_slideshow_full-a73b5fffaff851466e9988920eef7082__0 .avia-caption-title{\nfont-size:48px;\n}\n#top .avia-slideshow .av-slideshow-caption.av-av_slideshow_full-a73b5fffaff851466e9988920eef7082__0 .avia-caption-content{\nfont-size:32px;\n}\n#top .avia-slideshow .av-slideshow-caption.av-av_slideshow_full-a73b5fffaff851466e9988920eef7082__0 .avia-caption-content p{\nfont-size:32px;\n}\n<\/style>\n<div  class='avia-slideshow av-av_slideshow_full-a73b5fffaff851466e9988920eef7082 avia-slideshow-no scaling av_slideshow_full avia-slide-slider main-hero liability av-slideshow-ui av-control-default av-slideshow-manual av-loop-once av-loop-manual-endless av-default-height-applied   avia-slideshow-1' data-slideshow-options=\"{&quot;animation&quot;:&quot;slide&quot;,&quot;autoplay&quot;:false,&quot;loop_autoplay&quot;:&quot;once&quot;,&quot;interval&quot;:5,&quot;loop_manual&quot;:&quot;manual-endless&quot;,&quot;autoplay_stopper&quot;:false,&quot;noNavigation&quot;:false,&quot;bg_slider&quot;:false,&quot;keep_padding&quot;:false,&quot;hoverpause&quot;:false,&quot;show_slide_delay&quot;:0}\"  itemprop=\"image\" itemscope=\"itemscope\" itemtype=\"https:\/\/schema.org\/ImageObject\" ><ul class='avia-slideshow-inner ' style='padding-bottom: 66.666666666667%;'><li  class='avia-slideshow-slide av-av_slideshow_full-a73b5fffaff851466e9988920eef7082__0  av-single-slide slide-1 slide-odd'><div data-rel='slideshow-1' class='avia-slide-wrap '   ><div class='av-slideshow-caption av-av_slideshow_full-a73b5fffaff851466e9988920eef7082__0 caption_fullwidth caption_right caption_right_framed caption_framed'><div class=\"container caption_container\"><div class=\"slideshow_caption\"><div class=\"slideshow_inner_caption\"><div class=\"slideshow_align_caption\"><h2 class='avia-caption-title '  itemprop=\"name\" >Tiser - Insurance Broker<\/h2><div class='avia-caption-content '  itemprop=\"description\" ><p>Valuable care<\/p>\n<\/div><\/div><\/div><\/div><\/div><\/div><img class=\"wp-image-1455 avia-img-lazy-loading-not-1455\"  src='https:\/\/tiser-riskconsult.com\/wp-content\/uploads\/2018\/11\/liab.jpg' width='2322' height='1548' title='liab' alt=''  itemprop=\"thumbnailUrl\"   \/><\/div><\/li><\/ul><\/div><\/div><div id='after_full_slider_1'  class='main_color av_default_container_wrap container_wrap sidebar_right'  ><div class='container av-section-cont-open' ><div class='template-page content  av-content-small alpha units'><div class='post-entry post-entry-type-page post-entry-1354'><div class='entry-content-wrapper clearfix'>\n\n<style type=\"text\/css\" data-created_by=\"avia_inline_auto\" id=\"style-css-av-av_one_full-15d750bd1b332b34c6e70b077ebbccdf\">\n.flex_column.av-av_one_full-15d750bd1b332b34c6e70b077ebbccdf{\n-webkit-border-radius:0px 0px 0px 0px;\n-moz-border-radius:0px 0px 0px 0px;\nborder-radius:0px 0px 0px 0px;\npadding:0px 0px 0px 0px;\n}\n<\/style>\n<div class='flex_column av-av_one_full-15d750bd1b332b34c6e70b077ebbccdf av_one_full  avia-builder-el-1  el_after_av_slideshow_full  el_before_av_font_icon  avia-builder-el-first  first flex_column_div av-zero-column-padding '     ><section  class='av_textblock_section av-av_textblock-2bd894dbf2e4bf2c4acf98ce4fbf94aa'  itemscope=\"itemscope\" itemtype=\"https:\/\/schema.org\/CreativeWork\" ><div class='avia_textblock'  itemprop=\"text\" ><h1 style=\"text-align: center;\">Liability insurance<\/h1>\n<\/div><\/section><br \/>\n<div  class='hr av-av_hr-0ff602b3e980a3377077ff3c1c834df6 hr-default  avia-builder-el-3  el_after_av_textblock  el_before_av_textblock '><span class='hr-inner '><span class=\"hr-inner-style\"><\/span><\/span><\/div><br \/>\n<section  class='av_textblock_section av-av_textblock-558ac813d544be5f87b1df7eae05d0f6'  itemscope=\"itemscope\" itemtype=\"https:\/\/schema.org\/CreativeWork\" ><div class='avia_textblock product-text-block'  itemprop=\"text\" ><p>A polg\u00e1ri t\u00f6rv\u00e9nyk\u00f6nyv \u00e9rtelm\u00e9ben, aki m\u00e1snak jogellenesen k\u00e1rt okoz, k\u00f6teles azt megt\u00e9r\u00edteni. Ez a t\u00e9tel bizony\u00edtja legink\u00e1bb a felel\u0151ss\u00e9gbiztos\u00edt\u00e1sok fontoss\u00e1g\u00e1t. Am\u00edg azonban, egy saj\u00e1t vagyont\u00e1rgyat \u00e9rint\u0151 k\u00e1resem\u00e9nnyel kapcsolatosan lehet tervezni az esetleges vesztes\u00e9geket, addig a felel\u0151ss\u00e9g korl\u00e1tlan \u00e9s egyetemleges.<br \/>\nEgy v\u00e1llalat sz\u00e1m\u00e1ra, a felel\u0151ss\u00e9gbiztos\u00edt\u00e1si kock\u00e1zatok k\u00f6z\u00fcl kiemelten kezelend\u0151k az al\u00e1bbi m\u00f3dozatok:<\/p>\n<ul>\n<li>\u00c1ltal\u00e1nos felel\u0151ss\u00e9g (harmadik szem\u00e9lyeknek okozott szem\u00e9lyi s\u00e9r\u00fcl\u00e9ses \u00e9s dologi k\u00e1rok)<\/li>\n<li>Munk\u00e1ltat\u00f3i felel\u0151ss\u00e9g (\u00fczemi balesetb\u0151l ered\u0151 k\u00e1rig\u00e9nyek + TB regressz)<\/li>\n<li>Szolg\u00e1ltat\u00f3i felel\u0151ss\u00e9g (szolg\u00e1ltat\u00e1ssal okozott szem\u00e9lyi s\u00e9r\u00fcl\u00e9ses \u00e9s dologi k\u00e1rok)<\/li>\n<li>K\u00f6rnyezetszennyez\u0151i felel\u0151ss\u00e9g (k\u00f6rnyezetk\u00e1ros\u00edt\u00e1ssal \u00f6sszef\u00fcgg\u0151 k\u00e1rig\u00e9nyek)<\/li>\n<li>Term\u00e9kfelel\u0151ss\u00e9g \/ Term\u00e9k visszah\u00edv\u00e1s (term\u00e9k hib\u00e1j\u00e1b\u00f3l ered\u0151 szem\u00e9lyi s\u00e9r\u00fcl\u00e9ses \u00e9s dologi k\u00e1rok)<\/li>\n<li>B\u00e9rl\u0151i felel\u0151ss\u00e9g (b\u00e9rl\u0151i jogviszony keret\u00e9n bel\u00fcl, a b\u00e9rlem\u00e9nyben okozott k\u00e1rok)<\/li>\n<li>B\u00e9rbead\u00f3i felel\u0151ss\u00e9g (b\u00e9rbead\u00f3i jogviszony keret\u00e9n bel\u00fcl, a b\u00e9rl\u0151nek okozott k\u00e1rok)<\/li>\n<li>Vezet\u0151 tisztvisel\u0151i felel\u0151ss\u00e9g (D&amp;O, c\u00e9gvezet\u0151i min\u0151s\u00e9gben okozott k\u00e1rok)<\/li>\n<\/ul>\n<\/div><\/section><\/p><\/div>\n\n<style type=\"text\/css\" data-created_by=\"avia_inline_auto\" id=\"style-css-av-av_font_icon-fec51e9121062f7901321285c4cb5229\">\n.av_font_icon.av-av_font_icon-fec51e9121062f7901321285c4cb5229 .av-icon-char{\nfont-size:30px;\nline-height:30px;\nwidth:30px;\n}\n<\/style>\n<span  class='av_font_icon av-av_font_icon-fec51e9121062f7901321285c4cb5229 avia_animate_when_visible av-icon-style-border avia-icon-pos-left back-icon av-no-color avia-icon-animate'><a href='https:\/\/tiser-riskconsult.com\/en\/termekek\/vallalati'  class='av-icon-char' aria-hidden='true' data-av_icon='\ue888' data-av_iconfont='entypo-fontello' ><\/a><span class='av_icon_caption av-special-font'>Back to business products<\/span><\/span>\n","protected":false},"excerpt":{"rendered":"","protected":false},"author":3,"featured_media":0,"parent":1294,"menu_order":0,"comment_status":"closed","ping_status":"closed","template":"","meta":{"footnotes":""},"class_list":["post-1354","page","type-page","status-publish","hentry"],"yoast_head":"<!-- This site is optimized with the Yoast SEO plugin v27.1.1 - https:\/\/yoast.com\/product\/yoast-seo-wordpress\/ -->\n<title>Liability insurance - Tiser<\/title>\n<meta name=\"robots\" content=\"index, follow, max-snippet:-1, max-image-preview:large, max-video-preview:-1\" \/>\n<link rel=\"canonical\" href=\"https:\/\/tiser-riskconsult.com\/en\/termekek\/vallalati\/felelossegbiztositas\/\" \/>\n<meta property=\"og:locale\" content=\"en_US\" \/>\n<meta property=\"og:type\" content=\"article\" \/>\n<meta property=\"og:title\" content=\"Liability insurance - Tiser\" \/>\n<meta property=\"og:url\" content=\"https:\/\/tiser-riskconsult.com\/en\/termekek\/vallalati\/felelossegbiztositas\/\" \/>\n<meta property=\"og:site_name\" content=\"Tiser\" \/>\n<meta property=\"article:modified_time\" content=\"2025-04-14T12:31:56+00:00\" \/>\n<meta name=\"twitter:card\" content=\"summary_large_image\" \/>\n<meta name=\"twitter:label1\" content=\"Est. reading time\" \/>\n\t<meta name=\"twitter:data1\" content=\"3 minutes\" \/>\n<script type=\"application\/ld+json\" class=\"yoast-schema-graph\">{\"@context\":\"https:\/\/schema.org\",\"@graph\":[{\"@type\":\"WebPage\",\"@id\":\"https:\/\/tiser-riskconsult.com\/en\/termekek\/vallalati\/felelossegbiztositas\/\",\"url\":\"https:\/\/tiser-riskconsult.com\/en\/termekek\/vallalati\/felelossegbiztositas\/\",\"name\":\"Liability insurance - Tiser\",\"isPartOf\":{\"@id\":\"https:\/\/tiser-riskconsult.com\/en\/#website\"},\"datePublished\":\"2018-11-06T13:37:19+00:00\",\"dateModified\":\"2025-04-14T12:31:56+00:00\",\"breadcrumb\":{\"@id\":\"https:\/\/tiser-riskconsult.com\/en\/termekek\/vallalati\/felelossegbiztositas\/#breadcrumb\"},\"inLanguage\":\"en-US\",\"potentialAction\":[{\"@type\":\"ReadAction\",\"target\":[\"https:\/\/tiser-riskconsult.com\/en\/termekek\/vallalati\/felelossegbiztositas\/\"]}]},{\"@type\":\"BreadcrumbList\",\"@id\":\"https:\/\/tiser-riskconsult.com\/en\/termekek\/vallalati\/felelossegbiztositas\/#breadcrumb\",\"itemListElement\":[{\"@type\":\"ListItem\",\"position\":1,\"name\":\"Home\",\"item\":\"https:\/\/tiser-riskconsult.com\/en\/home\/\"},{\"@type\":\"ListItem\",\"position\":2,\"name\":\"Products\",\"item\":\"https:\/\/tiser-riskconsult.com\/en\/termekek\/\"},{\"@type\":\"ListItem\",\"position\":3,\"name\":\"Business\",\"item\":\"https:\/\/tiser-riskconsult.com\/en\/termekek\/vallalati\/\"},{\"@type\":\"ListItem\",\"position\":4,\"name\":\"Liability insurance\"}]},{\"@type\":\"WebSite\",\"@id\":\"https:\/\/tiser-riskconsult.com\/en\/#website\",\"url\":\"https:\/\/tiser-riskconsult.com\/en\/\",\"name\":\"Tiser\",\"description\":\"insurance solutions\",\"potentialAction\":[{\"@type\":\"SearchAction\",\"target\":{\"@type\":\"EntryPoint\",\"urlTemplate\":\"https:\/\/tiser-riskconsult.com\/en\/?s={search_term_string}\"},\"query-input\":{\"@type\":\"PropertyValueSpecification\",\"valueRequired\":true,\"valueName\":\"search_term_string\"}}],\"inLanguage\":\"en-US\"}]}<\/script>\n<!-- \/ Yoast SEO plugin. -->","yoast_head_json":{"title":"Liability insurance - Tiser","robots":{"index":"index","follow":"follow","max-snippet":"max-snippet:-1","max-image-preview":"max-image-preview:large","max-video-preview":"max-video-preview:-1"},"canonical":"https:\/\/tiser-riskconsult.com\/en\/termekek\/vallalati\/felelossegbiztositas\/","og_locale":"en_US","og_type":"article","og_title":"Liability insurance - Tiser","og_url":"https:\/\/tiser-riskconsult.com\/en\/termekek\/vallalati\/felelossegbiztositas\/","og_site_name":"Tiser","article_modified_time":"2025-04-14T12:31:56+00:00","twitter_card":"summary_large_image","twitter_misc":{"Est. reading time":"3 minutes"},"schema":{"@context":"https:\/\/schema.org","@graph":[{"@type":"WebPage","@id":"https:\/\/tiser-riskconsult.com\/en\/termekek\/vallalati\/felelossegbiztositas\/","url":"https:\/\/tiser-riskconsult.com\/en\/termekek\/vallalati\/felelossegbiztositas\/","name":"Liability insurance - Tiser","isPartOf":{"@id":"https:\/\/tiser-riskconsult.com\/en\/#website"},"datePublished":"2018-11-06T13:37:19+00:00","dateModified":"2025-04-14T12:31:56+00:00","breadcrumb":{"@id":"https:\/\/tiser-riskconsult.com\/en\/termekek\/vallalati\/felelossegbiztositas\/#breadcrumb"},"inLanguage":"en-US","potentialAction":[{"@type":"ReadAction","target":["https:\/\/tiser-riskconsult.com\/en\/termekek\/vallalati\/felelossegbiztositas\/"]}]},{"@type":"BreadcrumbList","@id":"https:\/\/tiser-riskconsult.com\/en\/termekek\/vallalati\/felelossegbiztositas\/#breadcrumb","itemListElement":[{"@type":"ListItem","position":1,"name":"Home","item":"https:\/\/tiser-riskconsult.com\/en\/home\/"},{"@type":"ListItem","position":2,"name":"Products","item":"https:\/\/tiser-riskconsult.com\/en\/termekek\/"},{"@type":"ListItem","position":3,"name":"Business","item":"https:\/\/tiser-riskconsult.com\/en\/termekek\/vallalati\/"},{"@type":"ListItem","position":4,"name":"Liability insurance"}]},{"@type":"WebSite","@id":"https:\/\/tiser-riskconsult.com\/en\/#website","url":"https:\/\/tiser-riskconsult.com\/en\/","name":"Tiser","description":"insurance solutions","potentialAction":[{"@type":"SearchAction","target":{"@type":"EntryPoint","urlTemplate":"https:\/\/tiser-riskconsult.com\/en\/?s={search_term_string}"},"query-input":{"@type":"PropertyValueSpecification","valueRequired":true,"valueName":"search_term_string"}}],"inLanguage":"en-US"}]}},"_links":{"self":[{"href":"https:\/\/tiser-riskconsult.com\/en\/wp-json\/wp\/v2\/pages\/1354","targetHints":{"allow":["GET"]}}],"collection":[{"href":"https:\/\/tiser-riskconsult.com\/en\/wp-json\/wp\/v2\/pages"}],"about":[{"href":"https:\/\/tiser-riskconsult.com\/en\/wp-json\/wp\/v2\/types\/page"}],"author":[{"embeddable":true,"href":"https:\/\/tiser-riskconsult.com\/en\/wp-json\/wp\/v2\/users\/3"}],"replies":[{"embeddable":true,"href":"https:\/\/tiser-riskconsult.com\/en\/wp-json\/wp\/v2\/comments?post=1354"}],"version-history":[{"count":5,"href":"https:\/\/tiser-riskconsult.com\/en\/wp-json\/wp\/v2\/pages\/1354\/revisions"}],"predecessor-version":[{"id":1603,"href":"https:\/\/tiser-riskconsult.com\/en\/wp-json\/wp\/v2\/pages\/1354\/revisions\/1603"}],"up":[{"embeddable":true,"href":"https:\/\/tiser-riskconsult.com\/en\/wp-json\/wp\/v2\/pages\/1294"}],"wp:attachment":[{"href":"https:\/\/tiser-riskconsult.com\/en\/wp-json\/wp\/v2\/media?parent=1354"}],"curies":[{"name":"wp","href":"https:\/\/api.w.org\/{rel}","templated":true}]}}